{"id":1661,"date":"2026-01-29T08:34:00","date_gmt":"2026-01-29T08:34:00","guid":{"rendered":"https:\/\/need-for-slots.net\/login-and-registration\/"},"modified":"2026-01-29T12:58:53","modified_gmt":"2026-01-29T12:58:53","slug":"inicio-de-sessao-e-registo","status":"publish","type":"page","link":"https:\/\/need-for-slots.net\/pt-pt\/inicio-de-sessao-e-registo\/","title":{"rendered":"In\u00edcio de sess\u00e3o e registo"},"content":{"rendered":"<h1>Login e Registo no Casino NeedForSlots<\/h1>\n<p>O login no NeedForSlots d\u00e1-nos acesso r\u00e1pido e seguro a todas as funcionalidades da nossa plataforma de casino online. Ap\u00f3s concluirmos o login, podemos explorar centenas de slots e outros jogos, reclamar b\u00f3nus e gerir o nosso perfil num s\u00f3 lugar. No casino NeedForSlots, tornamos o processo de in\u00edcio de sess\u00e3o simples e intuitivo para podermos come\u00e7ar a jogar em apenas alguns cliques.<\/p>\n<p><div class=\"banner-wrap\" aria-label=\"Banner\"><img src=\"https:\/\/need-for-slots.net\/wp-content\/uploads\/2026\/01\/Needforslots-Banner-Desktop.webp\" class=\"w-100 d-none d-lg-block img-pc main-banner-img\" alt=\"Needforslots Banner Desktop\" fetchpriority=\"high\" decoding=\"async\"><img src=\"https:\/\/need-for-slots.net\/wp-content\/uploads\/2026\/01\/Needforslots-Banner-mobile.webp\" class=\"w-100 d-none d-md-block d-lg-none main-banner-img\" alt=\"Needforslots Banner mobile\" fetchpriority=\"high\" decoding=\"async\"><img src=\"https:\/\/need-for-slots.net\/wp-content\/uploads\/2026\/01\/Needforslots-Banner-mobile.webp\" class=\"w-100 d-md-none\" alt=\"Needforslots Banner mobile\" fetchpriority=\"high\" decoding=\"async\"><div class=\"banner-description\">\n<div class=\"banner-title\">B\u00f3nus de Boas-Vindas<\/div>\n<p class=\"banner-header-title\">1500 \u20ac<\/p>\n<div class=\"banner-header-AdditionalText\">+ 250 Rodadas Gr\u00e1tis<\/div>\n<button data-item=\"homepage_banner_link\" class=\"goto m-button m-gradient-border m-button--primary m-button--large banner-button btn-orange\">\n            <div class=\"m-button-content\">\n                <span>Registe-se agora<\/span>\n                <span><\/span>\n            <\/div>\n        <\/button>\n<\/div>\n<div class=\"WelcomePack\">\n<p><img loading=\"lazy\" decoding=\"async\" class=\"alignnone size-full wp-image-1336\" src=\"https:\/\/need-for-slots.net\/wp-content\/uploads\/2026\/01\/welcome-crown.png\" alt=\"welcome crown\" width=\"25\" height=\"26\" \/><\/p>\n<div class=\"WelcomePack-Info\">Cashback semanal at\u00e9 25%<\/div>\n<p><img loading=\"lazy\" decoding=\"async\" class=\"alignnone size-full wp-image-1336\" src=\"https:\/\/need-for-slots.net\/wp-content\/uploads\/2026\/01\/welcome-crown.png\" alt=\"welcome crown\" width=\"25\" height=\"26\" \/><\/p>\n<\/div>\n<\/div><div class=\"scrollable-content-wrap my-5\"><div class=\"scrollable-content-inner\"><h2>Registo no NeedForSlots<\/h2>\n<p>Quando conclu\u00edmos o registo no NeedForSlots, obtemos uma conta pessoal com acesso total ao casino NeedForSlots. Com esta conta, podemos usar o login para entrar no site, jogar com dinheiro real, reclamar b\u00f3nus e gerir o nosso perfil em seguran\u00e7a.<\/p>\n<p>Uma conta registada oferece-nos mais do que apenas acesso aos jogos. Podemos receber um b\u00f3nus de boas-vindas, participar em promo\u00e7\u00f5es regulares e aproveitar o cashback e outras ofertas especiais que preparamos para os nossos jogadores. Na nossa conta, tamb\u00e9m podemos ver o saldo, consultar o hist\u00f3rico de transa\u00e7\u00f5es, gerir b\u00f3nus ativos e definir limites para o jogo respons\u00e1vel. Isto ajuda-nos a controlar a nossa atividade no NeedForSlots e a usufruir do nosso servi\u00e7o com mais conforto.<\/p>\n<h3>Crie a Sua Conta<\/h3>\n<ol>\n<li>Clique em \u201cRegistar\u201d no nosso website.<\/li>\n<li>Introduza os seus dados pessoais.<\/li>\n<li>Defina o seu e-mail e a sua palavra-passe.<\/li>\n<li>Confirme o seu e-mail.<\/li>\n<li>Inicie sess\u00e3o e escolha o seu b\u00f3nus.<\/li>\n<li>Fa\u00e7a o seu primeiro dep\u00f3sito.<\/li>\n<\/ol>\n<p>Depois destes passos, o registo fica conclu\u00eddo.<\/p>\n<h2>Login no NeedForSlots e Gest\u00e3o da Conta<\/h2>\n<p>O login no NeedForSlots permite-nos aceder \u00e0 nossa conta pessoal em apenas alguns segundos. Depois de iniciarmos sess\u00e3o no casino NeedForSlots, podemos controlar o nosso saldo, pagamentos, limites e defini\u00e7\u00f5es num s\u00f3 lugar.<\/p>\n<h3>Como iniciar sess\u00e3o na sua conta NeedForSlots<\/h3>\n<p>Para aceder ao seu perfil, siga estes passos simples:<\/p>\n<ol>\n<li>Clique em \u201cIniciar sess\u00e3o\u201d no topo da p\u00e1gina.<\/li>\n<li>Introduza o e-mail e a palavra-passe que escolheu durante o registo.<\/li>\n<li>Clique no bot\u00e3o \u201cIniciar sess\u00e3o\u201d para entrar no casino NeedForSlots.<\/li>\n<\/ol>\n<h3>O que podemos fazer na nossa conta<\/h3>\n<p>Quando conclu\u00edmos o login no NeedForSlots, temos acesso direto ao nosso painel pessoal. Aqui, podemos ver imediatamente o saldo atual e aceder \u00e0 sec\u00e7\u00e3o de Dep\u00f3sito ou Levantamento com apenas um clique. Por exemplo, se quisermos participar num novo torneio de slots no casino NeedForSlots, podemos adicionar fundos rapidamente e come\u00e7ar a jogar sem sair da p\u00e1gina da nossa conta.<\/p>\n<p>Na mesma \u00e1rea, tamb\u00e9m podemos consultar o nosso hist\u00f3rico de transa\u00e7\u00f5es. Isto ajuda-nos a ver quando fizemos dep\u00f3sitos, quanto levant\u00e1mos e quais os b\u00f3nus que utiliz\u00e1mos. Se alguma vez ficarmos a pensar para onde foi uma parte do nosso saldo, podemos abrir o hist\u00f3rico e rever cada opera\u00e7\u00e3o em detalhe.<\/p>\n<p>As defini\u00e7\u00f5es do nosso perfil tamb\u00e9m est\u00e3o dispon\u00edveis aqui. Podemos atualizar alguns dados pessoais, alterar a nossa palavra-passe de login do NeedForSlots e escolher quais os e-mails ou notifica\u00e7\u00f5es que queremos receber de n\u00f3s. Por exemplo, podemos manter os e-mails promocionais ativos para receber novidades sobre novos b\u00f3nus, mas desativar outras mensagens de que n\u00e3o precisamos.<\/p>\n<p>Tamb\u00e9m inclu\u00edmos ferramentas de jogo respons\u00e1vel dentro da nossa conta. Podemos definir limites de dep\u00f3sito di\u00e1rios, semanais ou mensais e ajust\u00e1-los mais tarde se a nossa situa\u00e7\u00e3o mudar. Muitos jogadores usam estes limites para controlar o or\u00e7amento e manter o tempo no NeedForSlots confort\u00e1vel e seguro.<\/p>\n<h2>Esqueceu-se da palavra-passe?<\/h2>\n<p>Se nos esquecermos da palavra-passe do nosso login no NeedForSlots, podemos rep\u00f4-la em poucos minutos no nosso website. S\u00f3 precisamos de acesso ao endere\u00e7o de e-mail que utiliz\u00e1mos no registo.<\/p>\n<p>Para come\u00e7ar, vamos ao formul\u00e1rio de login do NeedForSlots e clicamos no link \u201cEsqueceu-se da palavra-passe?\u201d por baixo do campo da palavra-passe. Na p\u00e1gina seguinte, introduzimos o e-mail que usamos no NeedForSlots e enviamos o pedido. Em seguida, enviamos um e-mail com um link seguro para criar uma nova palavra-passe.<\/p>\n<h2>Verifica\u00e7\u00e3o no Casino NeedForSlots<\/h2>\n<p>No casino NeedForSlots, usamos a verifica\u00e7\u00e3o para confirmar a nossa identidade e proteger a nossa conta. Normalmente, pedimos este passo antes do primeiro levantamento ou quando detetamos atividade invulgar.<\/p>\n<p>Para verificarmos o nosso perfil, iniciamos sess\u00e3o, abrimos as defini\u00e7\u00f5es da conta e vamos \u00e0 sec\u00e7\u00e3o de verifica\u00e7\u00e3o. Carregamos fotos n\u00edtidas do nosso documento de identifica\u00e7\u00e3o, comprovativo de morada e, por vezes, o documento do nosso m\u00e9todo de pagamento. Depois de aprovarmos os documentos, a nossa conta NeedForSlots fica totalmente verificada e podemos levantar fundos sem verifica\u00e7\u00f5es adicionais.<\/p>\n<h2>FAQ<\/h2>\n<h3>Como posso verificar a nossa conta?<\/h3>\n<p>Para verificarmos a nossa conta NeedForSlots, iniciamos sess\u00e3o e vamos \u00e0 sec\u00e7\u00e3o de verifica\u00e7\u00e3o no nosso perfil. A\u00ed, podemos carregar fotos n\u00edtidas do nosso documento de identifica\u00e7\u00e3o e do comprovativo de morada e, por vezes, um documento do nosso m\u00e9todo de pagamento.<\/p>\n<h3>Podemos alterar a nossa palavra-passe ou o nosso endere\u00e7o de e-mail?<\/h3>\n<p>Sim. Podemos alterar a nossa palavra-passe na \u00e1rea de defini\u00e7\u00f5es da conta depois de iniciarmos sess\u00e3o no NeedForSlots. Para alterarmos o nosso endere\u00e7o de e-mail, poderemos ter de contactar a nossa equipa de apoio para confirmarmos a nossa identidade e atualizarmos os dados de contacto em seguran\u00e7a.<\/p>\n<h3>O que devemos fazer se a nossa conta estiver bloqueada?<\/h3>\n<p>Se a nossa conta NeedForSlots estiver bloqueada, n\u00e3o criamos um novo perfil. Contactamos a nossa equipa de apoio atrav\u00e9s do chat ao vivo ou por e-mail. Explicamos o motivo, orientamos-nos em quaisquer verifica\u00e7\u00f5es e ajudamos-nos a recuperar o acesso ao casino NeedForSlots, se poss\u00edvel.<\/p>\n<h3>Como encerramos ou suspendemos temporariamente a nossa conta?<\/h3>\n<p>Se quisermos fazer uma pausa no NeedForSlots, podemos solicitar uma suspens\u00e3o tempor\u00e1ria ou usar ferramentas de jogo respons\u00e1vel, como um per\u00edodo de pausa ou a autoexclus\u00e3o. Se preferirmos encerrar a nossa conta por completo, contactamos a nossa equipa de apoio.<\/p>\n<\/div><\/div><\/p>\n","protected":false},"excerpt":{"rendered":"<p>Login e Registo no Casino NeedForSlots O login no NeedForSlots d\u00e1-nos acesso r\u00e1pido e seguro a todas as funcionalidades da nossa plataforma de casino online. Ap\u00f3s concluirmos o login, podemos explorar centenas de slots e outros jogos, reclamar b\u00f3nus e gerir o nosso perfil num s\u00f3 lugar. No casino NeedForSlots, tornamos o processo de in\u00edcio [&hellip;]<\/p>\n","protected":false},"author":9,"featured_media":0,"parent":0,"menu_order":0,"comment_status":"closed","ping_status":"closed","template":"template-builder.php","meta":{"_acf_changed":false,"inline_featured_image":false,"footnotes":""},"class_list":["post-1661","page","type-page","status-publish","hentry"],"acf":[],"yoast_head":"<!-- This site is optimized with the Yoast SEO plugin v24.4 - https:\/\/yoast.com\/wordpress\/plugins\/seo\/ -->\n<title>Login NeedForSlots | Entrar, senha esquecida e ajuda da conta<\/title>\n<meta name=\"description\" content=\"Acesse sua conta NeedForSlots rapidamente. Fa\u00e7a login, redefina a senha esquecida, confira saldo e hist\u00f3rico de transa\u00e7\u00f5es e gerencie ajustes com seguran\u00e7a.\" \/>\n<meta name=\"robots\" content=\"index, follow, max-snippet:-1, max-image-preview:large, max-video-preview:-1\" \/>\n<link rel=\"canonical\" href=\"https:\/\/need-for-slots.net\/pt-pt\/inicio-de-sessao-e-registo\/\" \/>\n<meta property=\"og:locale\" content=\"pt_PT\" \/>\n<meta property=\"og:type\" content=\"article\" \/>\n<meta property=\"og:title\" content=\"Login NeedForSlots | Entrar, senha esquecida e ajuda da conta\" \/>\n<meta property=\"og:description\" content=\"Acesse sua conta NeedForSlots rapidamente. Fa\u00e7a login, redefina a senha esquecida, confira saldo e hist\u00f3rico de transa\u00e7\u00f5es e gerencie ajustes com seguran\u00e7a.\" \/>\n<meta property=\"og:url\" content=\"https:\/\/need-for-slots.net\/pt-pt\/inicio-de-sessao-e-registo\/\" \/>\n<meta property=\"og:site_name\" content=\"need-for-slots\" \/>\n<meta property=\"article:modified_time\" content=\"2026-01-29T12:58:53+00:00\" \/>\n<meta name=\"twitter:card\" content=\"summary_large_image\" \/>\n<meta name=\"twitter:label1\" content=\"Est. reading time\" \/>\n\t<meta name=\"twitter:data1\" content=\"1 minuto\" \/>\n<script type=\"application\/ld+json\" class=\"yoast-schema-graph\">{\"@context\":\"https:\/\/schema.org\",\"@graph\":[{\"@type\":\"WebPage\",\"@id\":\"https:\/\/need-for-slots.net\/pt-pt\/inicio-de-sessao-e-registo\/\",\"url\":\"https:\/\/need-for-slots.net\/pt-pt\/inicio-de-sessao-e-registo\/\",\"name\":\"Login NeedForSlots | Entrar, senha esquecida e ajuda da conta\",\"isPartOf\":{\"@id\":\"https:\/\/need-for-slots.net\/pt-pt\/#website\"},\"datePublished\":\"2026-01-29T08:34:00+00:00\",\"dateModified\":\"2026-01-29T12:58:53+00:00\",\"description\":\"Acesse sua conta NeedForSlots rapidamente. Fa\u00e7a login, redefina a senha esquecida, confira saldo e hist\u00f3rico de transa\u00e7\u00f5es e gerencie ajustes com seguran\u00e7a.\",\"breadcrumb\":{\"@id\":\"https:\/\/need-for-slots.net\/pt-pt\/inicio-de-sessao-e-registo\/#breadcrumb\"},\"inLanguage\":\"pt-PT\",\"potentialAction\":[{\"@type\":\"ReadAction\",\"target\":[\"https:\/\/need-for-slots.net\/pt-pt\/inicio-de-sessao-e-registo\/\"]}]},{\"@type\":\"BreadcrumbList\",\"@id\":\"https:\/\/need-for-slots.net\/pt-pt\/inicio-de-sessao-e-registo\/#breadcrumb\",\"itemListElement\":[{\"@type\":\"ListItem\",\"position\":1,\"name\":\"Needforslots\",\"item\":\"https:\/\/need-for-slots.net\/pt-pt\/\"},{\"@type\":\"ListItem\",\"position\":2,\"name\":\"In\u00edcio de sess\u00e3o e registo\"}]},{\"@type\":\"WebSite\",\"@id\":\"https:\/\/need-for-slots.net\/pt-pt\/#website\",\"url\":\"https:\/\/need-for-slots.net\/pt-pt\/\",\"name\":\"Needforslots\",\"description\":\"\",\"publisher\":{\"@id\":\"https:\/\/need-for-slots.net\/pt-pt\/#organization\"},\"potentialAction\":[{\"@type\":\"SearchAction\",\"target\":{\"@type\":\"EntryPoint\",\"urlTemplate\":\"https:\/\/need-for-slots.net\/pt-pt\/?s={search_term_string}\"},\"query-input\":{\"@type\":\"PropertyValueSpecification\",\"valueRequired\":true,\"valueName\":\"search_term_string\"}}],\"inLanguage\":\"pt-PT\"},{\"@type\":\"Organization\",\"@id\":\"https:\/\/need-for-slots.net\/pt-pt\/#organization\",\"name\":\"Needforslots\",\"url\":\"https:\/\/need-for-slots.net\/pt-pt\/\",\"logo\":{\"@type\":\"ImageObject\",\"inLanguage\":\"pt-PT\",\"@id\":\"https:\/\/need-for-slots.net\/pt-pt\/#\/schema\/logo\/image\/\",\"url\":\"https:\/\/need-for-slots.net\/wp-content\/uploads\/2026\/01\/Needforslots-logo-Desktop.png\",\"contentUrl\":\"https:\/\/need-for-slots.net\/wp-content\/uploads\/2026\/01\/Needforslots-logo-Desktop.png\",\"width\":85,\"height\":24,\"caption\":\"Needforslots\"},\"image\":{\"@id\":\"https:\/\/need-for-slots.net\/pt-pt\/#\/schema\/logo\/image\/\"}}]}<\/script>\n<!-- \/ Yoast SEO plugin. -->","yoast_head_json":{"title":"Login NeedForSlots | Entrar, senha esquecida e ajuda da conta","description":"Acesse sua conta NeedForSlots rapidamente. Fa\u00e7a login, redefina a senha esquecida, confira saldo e hist\u00f3rico de transa\u00e7\u00f5es e gerencie ajustes com seguran\u00e7a.","robots":{"index":"index","follow":"follow","max-snippet":"max-snippet:-1","max-image-preview":"max-image-preview:large","max-video-preview":"max-video-preview:-1"},"canonical":"https:\/\/need-for-slots.net\/pt-pt\/inicio-de-sessao-e-registo\/","og_locale":"pt_PT","og_type":"article","og_title":"Login NeedForSlots | Entrar, senha esquecida e ajuda da conta","og_description":"Acesse sua conta NeedForSlots rapidamente. Fa\u00e7a login, redefina a senha esquecida, confira saldo e hist\u00f3rico de transa\u00e7\u00f5es e gerencie ajustes com seguran\u00e7a.","og_url":"https:\/\/need-for-slots.net\/pt-pt\/inicio-de-sessao-e-registo\/","og_site_name":"need-for-slots","article_modified_time":"2026-01-29T12:58:53+00:00","twitter_card":"summary_large_image","twitter_misc":{"Est. reading time":"1 minuto"},"schema":{"@context":"https:\/\/schema.org","@graph":[{"@type":"WebPage","@id":"https:\/\/need-for-slots.net\/pt-pt\/inicio-de-sessao-e-registo\/","url":"https:\/\/need-for-slots.net\/pt-pt\/inicio-de-sessao-e-registo\/","name":"Login NeedForSlots | Entrar, senha esquecida e ajuda da conta","isPartOf":{"@id":"https:\/\/need-for-slots.net\/pt-pt\/#website"},"datePublished":"2026-01-29T08:34:00+00:00","dateModified":"2026-01-29T12:58:53+00:00","description":"Acesse sua conta NeedForSlots rapidamente. Fa\u00e7a login, redefina a senha esquecida, confira saldo e hist\u00f3rico de transa\u00e7\u00f5es e gerencie ajustes com seguran\u00e7a.","breadcrumb":{"@id":"https:\/\/need-for-slots.net\/pt-pt\/inicio-de-sessao-e-registo\/#breadcrumb"},"inLanguage":"pt-PT","potentialAction":[{"@type":"ReadAction","target":["https:\/\/need-for-slots.net\/pt-pt\/inicio-de-sessao-e-registo\/"]}]},{"@type":"BreadcrumbList","@id":"https:\/\/need-for-slots.net\/pt-pt\/inicio-de-sessao-e-registo\/#breadcrumb","itemListElement":[{"@type":"ListItem","position":1,"name":"Needforslots","item":"https:\/\/need-for-slots.net\/pt-pt\/"},{"@type":"ListItem","position":2,"name":"In\u00edcio de sess\u00e3o e registo"}]},{"@type":"WebSite","@id":"https:\/\/need-for-slots.net\/pt-pt\/#website","url":"https:\/\/need-for-slots.net\/pt-pt\/","name":"Needforslots","description":"","publisher":{"@id":"https:\/\/need-for-slots.net\/pt-pt\/#organization"},"potentialAction":[{"@type":"SearchAction","target":{"@type":"EntryPoint","urlTemplate":"https:\/\/need-for-slots.net\/pt-pt\/?s={search_term_string}"},"query-input":{"@type":"PropertyValueSpecification","valueRequired":true,"valueName":"search_term_string"}}],"inLanguage":"pt-PT"},{"@type":"Organization","@id":"https:\/\/need-for-slots.net\/pt-pt\/#organization","name":"Needforslots","url":"https:\/\/need-for-slots.net\/pt-pt\/","logo":{"@type":"ImageObject","inLanguage":"pt-PT","@id":"https:\/\/need-for-slots.net\/pt-pt\/#\/schema\/logo\/image\/","url":"https:\/\/need-for-slots.net\/wp-content\/uploads\/2026\/01\/Needforslots-logo-Desktop.png","contentUrl":"https:\/\/need-for-slots.net\/wp-content\/uploads\/2026\/01\/Needforslots-logo-Desktop.png","width":85,"height":24,"caption":"Needforslots"},"image":{"@id":"https:\/\/need-for-slots.net\/pt-pt\/#\/schema\/logo\/image\/"}}]}},"_links":{"self":[{"href":"https:\/\/need-for-slots.net\/pt-pt\/wp-json\/wp\/v2\/pages\/1661"}],"collection":[{"href":"https:\/\/need-for-slots.net\/pt-pt\/wp-json\/wp\/v2\/pages"}],"about":[{"href":"https:\/\/need-for-slots.net\/pt-pt\/wp-json\/wp\/v2\/types\/page"}],"author":[{"embeddable":true,"href":"https:\/\/need-for-slots.net\/pt-pt\/wp-json\/wp\/v2\/users\/9"}],"replies":[{"embeddable":true,"href":"https:\/\/need-for-slots.net\/pt-pt\/wp-json\/wp\/v2\/comments?post=1661"}],"version-history":[{"count":1,"href":"https:\/\/need-for-slots.net\/pt-pt\/wp-json\/wp\/v2\/pages\/1661\/revisions"}],"predecessor-version":[{"id":1775,"href":"https:\/\/need-for-slots.net\/pt-pt\/wp-json\/wp\/v2\/pages\/1661\/revisions\/1775"}],"wp:attachment":[{"href":"https:\/\/need-for-slots.net\/pt-pt\/wp-json\/wp\/v2\/media?parent=1661"}],"curies":[{"name":"wp","href":"https:\/\/api.w.org\/{rel}","templated":true}]}}