{"id":1656,"date":"2026-01-29T08:34:00","date_gmt":"2026-01-29T08:34:00","guid":{"rendered":"https:\/\/need-for-slots.net\/login-and-registration\/"},"modified":"2026-01-29T09:15:08","modified_gmt":"2026-01-29T09:15:08","slug":"connexion-et-inscription","status":"publish","type":"page","link":"https:\/\/need-for-slots.net\/fr\/connexion-et-inscription\/","title":{"rendered":"Connexion et inscription"},"content":{"rendered":"<h1>Connexion et inscription au casino NeedForSlots<\/h1>\n<p>La connexion NeedForSlots vous offre un acc\u00e8s rapide et s\u00e9curis\u00e9 \u00e0 toutes les fonctionnalit\u00e9s de notre plateforme de casino en ligne. Une fois connect\u00e9, nous vous permettons d\u2019explorer des centaines de machines \u00e0 sous et d\u2019autres jeux, de r\u00e9clamer des bonus et de g\u00e9rer votre profil au m\u00eame endroit. Chez le casino NeedForSlots, nous rendons le processus de connexion simple et intuitif pour que nous puissions commencer \u00e0 jouer en quelques clics.<\/p>\n<p><div class=\"banner-wrap\" aria-label=\"Banner\"><img src=\"https:\/\/need-for-slots.net\/wp-content\/uploads\/2026\/01\/Needforslots-Banner-Desktop.webp\" class=\"w-100 d-none d-lg-block img-pc main-banner-img\" alt=\"Needforslots Banner Desktop\" fetchpriority=\"high\" decoding=\"async\"><img src=\"https:\/\/need-for-slots.net\/wp-content\/uploads\/2026\/01\/Needforslots-Banner-mobile.webp\" class=\"w-100 d-none d-md-block d-lg-none main-banner-img\" alt=\"Needforslots Banner mobile\" fetchpriority=\"high\" decoding=\"async\"><img src=\"https:\/\/need-for-slots.net\/wp-content\/uploads\/2026\/01\/Needforslots-Banner-mobile.webp\" class=\"w-100 d-md-none\" alt=\"Needforslots Banner mobile\" fetchpriority=\"high\" decoding=\"async\"><div class=\"banner-description\">\n<div class=\"banner-title\">Bonus de bienvenue<\/div>\n<p class=\"banner-header-title\">1500 \u20ac<\/p>\n<div class=\"banner-header-AdditionalText\">+ 250 Tours gratuits<\/div>\n<button data-item=\"homepage_banner_link\" class=\"goto m-button m-gradient-border m-button--primary m-button--large banner-button btn-orange\">\n            <div class=\"m-button-content\">\n                <span>Inscrivez-vous d\u00e8s maintenant<\/span>\n                <span><\/span>\n            <\/div>\n        <\/button>\n<\/div>\n<div class=\"WelcomePack\">\n<p><img loading=\"lazy\" decoding=\"async\" class=\"alignnone size-full wp-image-1336\" src=\"https:\/\/need-for-slots.net\/wp-content\/uploads\/2026\/01\/welcome-crown.png\" alt=\"welcome crown\" width=\"25\" height=\"26\" \/><\/p>\n<div class=\"WelcomePack-Info\">Cashback hebdomadaire jusqu&rsquo;\u00e0 25 %<\/div>\n<p><img loading=\"lazy\" decoding=\"async\" class=\"alignnone size-full wp-image-1336\" src=\"https:\/\/need-for-slots.net\/wp-content\/uploads\/2026\/01\/welcome-crown.png\" alt=\"welcome crown\" width=\"25\" height=\"26\" \/><\/p>\n<\/div>\n<\/div><div class=\"scrollable-content-wrap my-5\"><div class=\"scrollable-content-inner\"><h2>Inscription NeedForSlots<\/h2>\n<p>Lorsque nous terminons l\u2019inscription NeedForSlots, nous obtenons un compte personnel avec un acc\u00e8s complet au casino NeedForSlots. Gr\u00e2ce \u00e0 ce compte, nous pouvons nous connecter au site, jouer avec de l\u2019argent r\u00e9el, r\u00e9clamer des bonus et g\u00e9rer notre profil en toute s\u00e9curit\u00e9.<\/p>\n<p>Un compte enregistr\u00e9 nous offre plus qu\u2019un simple acc\u00e8s aux jeux. Nous pouvons recevoir un bonus de bienvenue, participer \u00e0 des promotions r\u00e9guli\u00e8res et profiter du remboursement et d\u2019autres offres sp\u00e9ciales que nous pr\u00e9parons pour nos joueurs. Dans notre compte, nous pouvons \u00e9galement voir notre solde, consulter notre historique de transactions, g\u00e9rer les bonus actifs et d\u00e9finir des limites pour le jeu responsable. Cela nous aide \u00e0 contr\u00f4ler notre activit\u00e9 sur NeedForSlots et \u00e0 profiter de notre service avec plus de confort.<\/p>\n<h3>Cr\u00e9er notre compte<\/h3>\n<ol>\n<li>Cliquez sur \u00ab S\u2019inscrire \u00bb sur notre site.<\/li>\n<li>Saisissez nos informations personnelles.<\/li>\n<li>D\u00e9finissez notre adresse e-mail et notre mot de passe.<\/li>\n<li>Confirmez notre adresse e-mail.<\/li>\n<li>Connectez-vous et choisissez notre bonus.<\/li>\n<li>Effectuez notre premier d\u00e9p\u00f4t.<\/li>\n<\/ol>\n<p>Apr\u00e8s ces \u00e9tapes, notre inscription est termin\u00e9e.<\/p>\n<h2>Connexion NeedForSlots et gestion du compte<\/h2>\n<p>La connexion NeedForSlots nous permet d\u2019acc\u00e9der \u00e0 notre compte personnel en quelques secondes. Apr\u00e8s nous \u00eatre connect\u00e9s au casino NeedForSlots, nous pouvons g\u00e9rer notre solde, nos paiements, nos limites et nos param\u00e8tres depuis un seul endroit.<\/p>\n<h3>Comment nous connecter \u00e0 notre compte NeedForSlots<\/h3>\n<p>Pour acc\u00e9der \u00e0 notre profil, suivons ces \u00e9tapes simples :<\/p>\n<ol>\n<li>Cliquez sur \u00ab Se connecter \u00bb en haut de la page.<\/li>\n<li>Saisissez l\u2019adresse e-mail et le mot de passe que nous avons choisis lors de l\u2019inscription.<\/li>\n<li>Cliquez sur le bouton \u00ab Se connecter \u00bb pour acc\u00e9der au casino NeedForSlots.<\/li>\n<\/ol>\n<h3>Ce que nous pouvons faire dans notre compte<\/h3>\n<p>Une fois notre connexion NeedForSlots effectu\u00e9e, nous avons un acc\u00e8s direct \u00e0 notre tableau de bord personnel. Ici, nous pouvons voir imm\u00e9diatement notre solde actuel et acc\u00e9der \u00e0 la section D\u00e9p\u00f4t ou Retrait en un seul clic. Par exemple, si nous voulons rejoindre un nouveau tournoi de machines \u00e0 sous au casino NeedForSlots, nous pouvons ajouter rapidement des fonds et commencer \u00e0 jouer sans quitter la page de notre compte.<\/p>\n<p>Dans le m\u00eame espace, nous pouvons consulter notre historique de transactions. Cela nous aide \u00e0 voir quand nous avons effectu\u00e9 des d\u00e9p\u00f4ts, combien nous avons retir\u00e9 et quels bonus nous avons utilis\u00e9s. Si nous nous demandons un jour o\u00f9 est pass\u00e9e une partie de notre solde, nous pouvons ouvrir l\u2019historique et examiner chaque op\u00e9ration en d\u00e9tail.<\/p>\n<p>Nos param\u00e8tres de profil sont \u00e9galement disponibles ici. Nous pouvons mettre \u00e0 jour certaines informations personnelles, modifier notre mot de passe de connexion NeedForSlots et choisir quels e-mails ou notifications nous souhaitons recevoir de notre part. Par exemple, nous pouvons laisser activ\u00e9s les e-mails promotionnels pour recevoir des nouvelles sur les nouveaux bonus, tout en d\u00e9sactivant certains autres messages dont nous n\u2019avons pas besoin.<\/p>\n<p>Nous int\u00e9grons aussi des outils de jeu responsable dans notre compte. Nous pouvons d\u00e9finir des limites de d\u00e9p\u00f4t quotidiennes, hebdomadaires ou mensuelles, et les ajuster plus tard si notre situation change. De nombreux joueurs utilisent ces limites pour contr\u00f4ler leur budget et passer du temps sur NeedForSlots de mani\u00e8re confortable et s\u00fbre.<\/p>\n<h2>Mot de passe oubli\u00e9 ?<\/h2>\n<p>Si nous oublions le mot de passe de notre connexion NeedForSlots, nous pouvons le r\u00e9initialiser en quelques minutes sur notre site. Nous avons seulement besoin d\u2019avoir acc\u00e8s \u00e0 l\u2019adresse e-mail que nous avons utilis\u00e9e lors de l\u2019inscription.<\/p>\n<p>Pour commencer, allons au formulaire de connexion NeedForSlots et cliquons sur le lien \u00ab Mot de passe oubli\u00e9 ? \u00bb sous le champ du mot de passe. Sur la page suivante, saisissons l\u2019e-mail que nous utilisons pour NeedForSlots et envoyons la demande. Nous vous envoyons ensuite un e-mail contenant un lien s\u00e9curis\u00e9 pour cr\u00e9er un nouveau mot de passe.<\/p>\n<h2>V\u00e9rification au casino NeedForSlots<\/h2>\n<p>Au casino NeedForSlots, nous utilisons la v\u00e9rification pour confirmer notre identit\u00e9 et prot\u00e9ger notre compte. Nous demandons g\u00e9n\u00e9ralement cette \u00e9tape avant notre premier retrait ou lorsque nous remarquons une activit\u00e9 inhabituelle.<\/p>\n<p>Pour v\u00e9rifier notre profil, connectons-nous, ouvrons les param\u00e8tres de notre compte et allons dans la section de v\u00e9rification. T\u00e9l\u00e9versons des photos nettes de notre pi\u00e8ce d\u2019identit\u00e9, d\u2019un justificatif de domicile et, parfois, du document li\u00e9 \u00e0 notre moyen de paiement. Apr\u00e8s approbation des documents, notre compte NeedForSlots est enti\u00e8rement v\u00e9rifi\u00e9 et nous pouvons retirer des fonds sans contr\u00f4les suppl\u00e9mentaires.<\/p>\n<h2>FAQ<\/h2>\n<h3>Comment pouvons-nous v\u00e9rifier notre compte ?<\/h3>\n<p>Pour v\u00e9rifier notre compte NeedForSlots, connectons-nous et allons dans la section de v\u00e9rification de notre profil. L\u00e0, nous pouvons t\u00e9l\u00e9verser des photos nettes de notre pi\u00e8ce d\u2019identit\u00e9 et d\u2019un justificatif de domicile, et parfois un document li\u00e9 \u00e0 notre moyen de paiement.<\/p>\n<h3>Pouvons-nous changer notre mot de passe ou notre adresse e-mail ?<\/h3>\n<p>Oui. Nous pouvons modifier notre mot de passe dans la zone des param\u00e8tres du compte apr\u00e8s nous \u00eatre connect\u00e9s \u00e0 NeedForSlots. Pour changer notre adresse e-mail, nous devrons peut-\u00eatre contacter notre \u00e9quipe d\u2019assistance afin que nous puissions confirmer notre identit\u00e9 et mettre \u00e0 jour les coordonn\u00e9es en toute s\u00e9curit\u00e9.<\/p>\n<h3>Que devons-nous faire si notre compte est bloqu\u00e9 ?<\/h3>\n<p>Si notre compte NeedForSlots est bloqu\u00e9, ne cr\u00e9ons pas de nouveau profil. Contactons notre \u00e9quipe d\u2019assistance via le chat en direct ou par e-mail. Nous expliquerons la raison, nous guiderons \u00e0 travers les \u00e9ventuelles v\u00e9rifications et nous aiderons \u00e0 r\u00e9tablir l\u2019acc\u00e8s au casino NeedForSlots si possible.<\/p>\n<h3>Comment fermer notre compte ou le suspendre temporairement ?<\/h3>\n<p>Si nous voulons faire une pause sur NeedForSlots, nous pouvons demander une suspension temporaire ou utiliser des outils de jeu responsable comme une p\u00e9riode de pause ou l\u2019auto-exclusion. Si nous pr\u00e9f\u00e9rons fermer notre compte d\u00e9finitivement, contactons notre \u00e9quipe d\u2019assistance.<\/p>\n<\/div><\/div><\/p>\n","protected":false},"excerpt":{"rendered":"<p>Connexion et inscription au casino NeedForSlots La connexion NeedForSlots vous offre un acc\u00e8s rapide et s\u00e9curis\u00e9 \u00e0 toutes les fonctionnalit\u00e9s de notre plateforme de casino en ligne. Une fois connect\u00e9, nous vous permettons d\u2019explorer des centaines de machines \u00e0 sous et d\u2019autres jeux, de r\u00e9clamer des bonus et de g\u00e9rer votre profil au m\u00eame endroit. [&hellip;]<\/p>\n","protected":false},"author":9,"featured_media":0,"parent":0,"menu_order":0,"comment_status":"closed","ping_status":"closed","template":"template-builder.php","meta":{"_acf_changed":false,"inline_featured_image":false,"footnotes":""},"class_list":["post-1656","page","type-page","status-publish","hentry"],"acf":[],"yoast_head":"<!-- This site is optimized with the Yoast SEO plugin v24.4 - https:\/\/yoast.com\/wordpress\/plugins\/seo\/ -->\n<title>Connexion NeedForSlots | Se connecter, Mot de passe &amp; Aide<\/title>\n<meta name=\"description\" content=\"Acc\u00e9dez rapidement \u00e0 votre compte NeedForSlots : connectez-vous, r\u00e9initialisez un mot de passe oubli\u00e9, v\u00e9rifiez solde et historique, g\u00e9rez vos param\u00e8tres en s\u00e9curit\u00e9.\" \/>\n<meta name=\"robots\" content=\"index, follow, max-snippet:-1, max-image-preview:large, max-video-preview:-1\" \/>\n<link rel=\"canonical\" href=\"https:\/\/need-for-slots.net\/fr\/connexion-et-inscription\/\" \/>\n<meta property=\"og:locale\" content=\"fr_FR\" \/>\n<meta property=\"og:type\" content=\"article\" \/>\n<meta property=\"og:title\" content=\"Connexion NeedForSlots | Se connecter, Mot de passe &amp; Aide\" \/>\n<meta property=\"og:description\" content=\"Acc\u00e9dez rapidement \u00e0 votre compte NeedForSlots : connectez-vous, r\u00e9initialisez un mot de passe oubli\u00e9, v\u00e9rifiez solde et historique, g\u00e9rez vos param\u00e8tres en s\u00e9curit\u00e9.\" \/>\n<meta property=\"og:url\" content=\"https:\/\/need-for-slots.net\/fr\/connexion-et-inscription\/\" \/>\n<meta property=\"og:site_name\" content=\"need-for-slots\" \/>\n<meta property=\"article:modified_time\" content=\"2026-01-29T09:15:08+00:00\" \/>\n<meta name=\"twitter:card\" content=\"summary_large_image\" \/>\n<meta name=\"twitter:label1\" content=\"Dur\u00e9e de lecture estim\u00e9e\" \/>\n\t<meta name=\"twitter:data1\" content=\"1 minute\" \/>\n<script type=\"application\/ld+json\" class=\"yoast-schema-graph\">{\"@context\":\"https:\/\/schema.org\",\"@graph\":[{\"@type\":\"WebPage\",\"@id\":\"https:\/\/need-for-slots.net\/fr\/connexion-et-inscription\/\",\"url\":\"https:\/\/need-for-slots.net\/fr\/connexion-et-inscription\/\",\"name\":\"Connexion NeedForSlots | Se connecter, Mot de passe & Aide\",\"isPartOf\":{\"@id\":\"https:\/\/need-for-slots.net\/fr\/#website\"},\"datePublished\":\"2026-01-29T08:34:00+00:00\",\"dateModified\":\"2026-01-29T09:15:08+00:00\",\"description\":\"Acc\u00e9dez rapidement \u00e0 votre compte NeedForSlots : connectez-vous, r\u00e9initialisez un mot de passe oubli\u00e9, v\u00e9rifiez solde et historique, g\u00e9rez vos param\u00e8tres en s\u00e9curit\u00e9.\",\"breadcrumb\":{\"@id\":\"https:\/\/need-for-slots.net\/fr\/connexion-et-inscription\/#breadcrumb\"},\"inLanguage\":\"fr-FR\",\"potentialAction\":[{\"@type\":\"ReadAction\",\"target\":[\"https:\/\/need-for-slots.net\/fr\/connexion-et-inscription\/\"]}]},{\"@type\":\"BreadcrumbList\",\"@id\":\"https:\/\/need-for-slots.net\/fr\/connexion-et-inscription\/#breadcrumb\",\"itemListElement\":[{\"@type\":\"ListItem\",\"position\":1,\"name\":\"Needforslots\",\"item\":\"https:\/\/need-for-slots.net\/fr\/\"},{\"@type\":\"ListItem\",\"position\":2,\"name\":\"Connexion et inscription\"}]},{\"@type\":\"WebSite\",\"@id\":\"https:\/\/need-for-slots.net\/fr\/#website\",\"url\":\"https:\/\/need-for-slots.net\/fr\/\",\"name\":\"Needforslots\",\"description\":\"\",\"publisher\":{\"@id\":\"https:\/\/need-for-slots.net\/fr\/#organization\"},\"potentialAction\":[{\"@type\":\"SearchAction\",\"target\":{\"@type\":\"EntryPoint\",\"urlTemplate\":\"https:\/\/need-for-slots.net\/fr\/?s={search_term_string}\"},\"query-input\":{\"@type\":\"PropertyValueSpecification\",\"valueRequired\":true,\"valueName\":\"search_term_string\"}}],\"inLanguage\":\"fr-FR\"},{\"@type\":\"Organization\",\"@id\":\"https:\/\/need-for-slots.net\/fr\/#organization\",\"name\":\"Needforslots\",\"url\":\"https:\/\/need-for-slots.net\/fr\/\",\"logo\":{\"@type\":\"ImageObject\",\"inLanguage\":\"fr-FR\",\"@id\":\"https:\/\/need-for-slots.net\/fr\/#\/schema\/logo\/image\/\",\"url\":\"https:\/\/need-for-slots.net\/wp-content\/uploads\/2026\/01\/Needforslots-logo-Desktop.png\",\"contentUrl\":\"https:\/\/need-for-slots.net\/wp-content\/uploads\/2026\/01\/Needforslots-logo-Desktop.png\",\"width\":85,\"height\":24,\"caption\":\"Needforslots\"},\"image\":{\"@id\":\"https:\/\/need-for-slots.net\/fr\/#\/schema\/logo\/image\/\"}}]}<\/script>\n<!-- \/ Yoast SEO plugin. -->","yoast_head_json":{"title":"Connexion NeedForSlots | Se connecter, Mot de passe & Aide","description":"Acc\u00e9dez rapidement \u00e0 votre compte NeedForSlots : connectez-vous, r\u00e9initialisez un mot de passe oubli\u00e9, v\u00e9rifiez solde et historique, g\u00e9rez vos param\u00e8tres en s\u00e9curit\u00e9.","robots":{"index":"index","follow":"follow","max-snippet":"max-snippet:-1","max-image-preview":"max-image-preview:large","max-video-preview":"max-video-preview:-1"},"canonical":"https:\/\/need-for-slots.net\/fr\/connexion-et-inscription\/","og_locale":"fr_FR","og_type":"article","og_title":"Connexion NeedForSlots | Se connecter, Mot de passe & Aide","og_description":"Acc\u00e9dez rapidement \u00e0 votre compte NeedForSlots : connectez-vous, r\u00e9initialisez un mot de passe oubli\u00e9, v\u00e9rifiez solde et historique, g\u00e9rez vos param\u00e8tres en s\u00e9curit\u00e9.","og_url":"https:\/\/need-for-slots.net\/fr\/connexion-et-inscription\/","og_site_name":"need-for-slots","article_modified_time":"2026-01-29T09:15:08+00:00","twitter_card":"summary_large_image","twitter_misc":{"Dur\u00e9e de lecture estim\u00e9e":"1 minute"},"schema":{"@context":"https:\/\/schema.org","@graph":[{"@type":"WebPage","@id":"https:\/\/need-for-slots.net\/fr\/connexion-et-inscription\/","url":"https:\/\/need-for-slots.net\/fr\/connexion-et-inscription\/","name":"Connexion NeedForSlots | Se connecter, Mot de passe & Aide","isPartOf":{"@id":"https:\/\/need-for-slots.net\/fr\/#website"},"datePublished":"2026-01-29T08:34:00+00:00","dateModified":"2026-01-29T09:15:08+00:00","description":"Acc\u00e9dez rapidement \u00e0 votre compte NeedForSlots : connectez-vous, r\u00e9initialisez un mot de passe oubli\u00e9, v\u00e9rifiez solde et historique, g\u00e9rez vos param\u00e8tres en s\u00e9curit\u00e9.","breadcrumb":{"@id":"https:\/\/need-for-slots.net\/fr\/connexion-et-inscription\/#breadcrumb"},"inLanguage":"fr-FR","potentialAction":[{"@type":"ReadAction","target":["https:\/\/need-for-slots.net\/fr\/connexion-et-inscription\/"]}]},{"@type":"BreadcrumbList","@id":"https:\/\/need-for-slots.net\/fr\/connexion-et-inscription\/#breadcrumb","itemListElement":[{"@type":"ListItem","position":1,"name":"Needforslots","item":"https:\/\/need-for-slots.net\/fr\/"},{"@type":"ListItem","position":2,"name":"Connexion et inscription"}]},{"@type":"WebSite","@id":"https:\/\/need-for-slots.net\/fr\/#website","url":"https:\/\/need-for-slots.net\/fr\/","name":"Needforslots","description":"","publisher":{"@id":"https:\/\/need-for-slots.net\/fr\/#organization"},"potentialAction":[{"@type":"SearchAction","target":{"@type":"EntryPoint","urlTemplate":"https:\/\/need-for-slots.net\/fr\/?s={search_term_string}"},"query-input":{"@type":"PropertyValueSpecification","valueRequired":true,"valueName":"search_term_string"}}],"inLanguage":"fr-FR"},{"@type":"Organization","@id":"https:\/\/need-for-slots.net\/fr\/#organization","name":"Needforslots","url":"https:\/\/need-for-slots.net\/fr\/","logo":{"@type":"ImageObject","inLanguage":"fr-FR","@id":"https:\/\/need-for-slots.net\/fr\/#\/schema\/logo\/image\/","url":"https:\/\/need-for-slots.net\/wp-content\/uploads\/2026\/01\/Needforslots-logo-Desktop.png","contentUrl":"https:\/\/need-for-slots.net\/wp-content\/uploads\/2026\/01\/Needforslots-logo-Desktop.png","width":85,"height":24,"caption":"Needforslots"},"image":{"@id":"https:\/\/need-for-slots.net\/fr\/#\/schema\/logo\/image\/"}}]}},"_links":{"self":[{"href":"https:\/\/need-for-slots.net\/fr\/wp-json\/wp\/v2\/pages\/1656"}],"collection":[{"href":"https:\/\/need-for-slots.net\/fr\/wp-json\/wp\/v2\/pages"}],"about":[{"href":"https:\/\/need-for-slots.net\/fr\/wp-json\/wp\/v2\/types\/page"}],"author":[{"embeddable":true,"href":"https:\/\/need-for-slots.net\/fr\/wp-json\/wp\/v2\/users\/9"}],"replies":[{"embeddable":true,"href":"https:\/\/need-for-slots.net\/fr\/wp-json\/wp\/v2\/comments?post=1656"}],"version-history":[{"count":1,"href":"https:\/\/need-for-slots.net\/fr\/wp-json\/wp\/v2\/pages\/1656\/revisions"}],"predecessor-version":[{"id":1679,"href":"https:\/\/need-for-slots.net\/fr\/wp-json\/wp\/v2\/pages\/1656\/revisions\/1679"}],"wp:attachment":[{"href":"https:\/\/need-for-slots.net\/fr\/wp-json\/wp\/v2\/media?parent=1656"}],"curies":[{"name":"wp","href":"https:\/\/api.w.org\/{rel}","templated":true}]}}