{"id":1657,"date":"2026-01-29T08:34:00","date_gmt":"2026-01-29T08:34:00","guid":{"rendered":"https:\/\/need-for-slots.net\/login-and-registration\/"},"modified":"2026-01-29T09:48:34","modified_gmt":"2026-01-29T09:48:34","slug":"anmeldung-und-registrierung","status":"publish","type":"page","link":"https:\/\/need-for-slots.net\/de\/anmeldung-und-registrierung\/","title":{"rendered":"Anmeldung und Registrierung"},"content":{"rendered":"<h1>NeedForSlots Casino Anmeldung &amp; Registrierung<\/h1>\n<p>Mit der NeedForSlots-Anmeldung erhalten wir schnellen und sicheren Zugriff auf alle Funktionen unserer Online-Casino-Plattform. Sobald wir die Anmeldung abgeschlossen haben, k\u00f6nnen wir Hunderte von Spielautomaten und andere Spiele entdecken, Boni beanspruchen und unser Profil an einem Ort verwalten. Bei NeedForSlots Casino gestalten wir den Anmeldeprozess einfach und benutzerfreundlich, damit wir in nur wenigen Klicks mit dem Spielen starten k\u00f6nnen.<\/p>\n<p><div class=\"banner-wrap\" aria-label=\"Banner\"><img src=\"https:\/\/need-for-slots.net\/wp-content\/uploads\/2026\/01\/Needforslots-Banner-Desktop.webp\" class=\"w-100 d-none d-lg-block img-pc main-banner-img\" alt=\"Needforslots Banner Desktop\" fetchpriority=\"high\" decoding=\"async\"><img src=\"https:\/\/need-for-slots.net\/wp-content\/uploads\/2026\/01\/Needforslots-Banner-mobile.webp\" class=\"w-100 d-none d-md-block d-lg-none main-banner-img\" alt=\"Needforslots Banner mobile\" fetchpriority=\"high\" decoding=\"async\"><img src=\"https:\/\/need-for-slots.net\/wp-content\/uploads\/2026\/01\/Needforslots-Banner-mobile.webp\" class=\"w-100 d-md-none\" alt=\"Needforslots Banner mobile\" fetchpriority=\"high\" decoding=\"async\"><div class=\"banner-description\">\n<div class=\"banner-title\">Willkommensboni<\/div>\n<p class=\"banner-header-title\">1500 \u20ac<\/p>\n<div class=\"banner-header-AdditionalText\">+ 250 Freispiele<\/div>\n<button data-item=\"homepage_banner_link\" class=\"goto m-button m-gradient-border m-button--primary m-button--large banner-button btn-orange\">\n            <div class=\"m-button-content\">\n                <span>Jetzt anmelden<\/span>\n                <span><\/span>\n            <\/div>\n        <\/button>\n<\/div>\n<div class=\"WelcomePack\">\n<p><img loading=\"lazy\" decoding=\"async\" class=\"alignnone size-full wp-image-1336\" src=\"https:\/\/need-for-slots.net\/wp-content\/uploads\/2026\/01\/welcome-crown.png\" alt=\"welcome crown\" width=\"25\" height=\"26\" \/><\/p>\n<div class=\"WelcomePack-Info\">W\u00f6chentlicher Cashback von bis zu 25 %<\/div>\n<p><img loading=\"lazy\" decoding=\"async\" class=\"alignnone size-full wp-image-1336\" src=\"https:\/\/need-for-slots.net\/wp-content\/uploads\/2026\/01\/welcome-crown.png\" alt=\"welcome crown\" width=\"25\" height=\"26\" \/><\/p>\n<\/div>\n<\/div><div class=\"scrollable-content-wrap my-5\"><div class=\"scrollable-content-inner\"><h2>NeedForSlots Registrierung<\/h2>\n<p>Wenn wir die NeedForSlots-Registrierung abschlie\u00dfen, erhalten wir ein pers\u00f6nliches Konto mit vollem Zugriff auf das NeedForSlots Casino. Mit diesem Konto k\u00f6nnen wir uns per Anmeldung auf der Seite einloggen, um echtes Geld spielen, Boni beanspruchen und unser Profil sicher verwalten.<\/p>\n<p>Ein registriertes Konto bietet uns mehr als nur Zugang zu Spielen. Wir k\u00f6nnen einen Willkommensbonus erhalten, an regelm\u00e4\u00dfigen Aktionen teilnehmen und Cashback sowie weitere Sonderangebote nutzen, die wir f\u00fcr unsere Spieler vorbereiten. In unserem Konto k\u00f6nnen wir au\u00dferdem unseren Kontostand einsehen, unseren Transaktionsverlauf pr\u00fcfen, aktive Boni verwalten und Limits f\u00fcr verantwortungsbewusstes Spielen festlegen. So k\u00f6nnen wir unsere Aktivit\u00e4ten bei NeedForSlots besser kontrollieren und unseren Service noch komfortabler nutzen.<\/p>\n<h3>Konto erstellen<\/h3>\n<ol>\n<li>Klicke auf unserer Website auf \u201eRegistrieren\u201c.<\/li>\n<li>Gib deine pers\u00f6nlichen Daten ein.<\/li>\n<li>Lege deine E-Mail-Adresse und dein Passwort fest.<\/li>\n<li>Best\u00e4tige deine E-Mail-Adresse.<\/li>\n<li>Melde dich an und w\u00e4hle deinen Bonus.<\/li>\n<li>T\u00e4tige deine erste Einzahlung.<\/li>\n<\/ol>\n<p>Nach diesen Schritten ist unsere Registrierung abgeschlossen.<\/p>\n<h2>NeedForSlots Anmeldung und Kontoverwaltung<\/h2>\n<p>Mit der NeedForSlots-Anmeldung k\u00f6nnen wir in nur wenigen Sekunden auf unser pers\u00f6nliches Konto zugreifen. Nachdem wir uns bei NeedForSlots Casino angemeldet haben, k\u00f6nnen wir unseren Kontostand, Auszahlungen, Limits und Einstellungen an einem Ort verwalten.<\/p>\n<h3>So melden wir uns bei unserem NeedForSlots-Konto an<\/h3>\n<p>Um auf unser Profil zuzugreifen, folgen wir diesen einfachen Schritten:<\/p>\n<ol>\n<li>Klicke oben auf der Seite auf \u201eAnmelden\u201c.<\/li>\n<li>Gib die E-Mail-Adresse und das Passwort ein, die wir bei der Registrierung festgelegt haben.<\/li>\n<li>Klicke auf \u201eAnmelden\u201c, um das NeedForSlots Casino zu betreten.<\/li>\n<\/ol>\n<h3>Was wir in unserem Konto machen k\u00f6nnen<\/h3>\n<p>Sobald wir die NeedForSlots-Anmeldung abgeschlossen haben, erhalten wir direkten Zugriff auf unser pers\u00f6nliches Dashboard. Dort k\u00f6nnen wir unseren aktuellen Kontostand sofort einsehen und mit nur einem Klick den Bereich \u201eEinzahlung\u201c oder \u201eAuszahlung\u201c \u00f6ffnen. Wenn wir zum Beispiel an einem neuen Spielautomaten-Turnier im NeedForSlots Casino teilnehmen m\u00f6chten, k\u00f6nnen wir schnell Geld einzahlen und direkt losspielen, ohne unsere Kontoseite zu verlassen.<\/p>\n<p>Im selben Bereich k\u00f6nnen wir auch unseren Transaktionsverlauf pr\u00fcfen. So sehen wir, wann wir Einzahlungen get\u00e4tigt haben, wie viel wir ausgezahlt haben und welche Boni wir genutzt haben. Wenn wir uns einmal fragen, wohin ein Teil unseres Guthabens gegangen ist, k\u00f6nnen wir den Verlauf \u00f6ffnen und jeden Vorgang im Detail \u00fcberpr\u00fcfen.<\/p>\n<p>Auch unsere Profileinstellungen sind hier verf\u00fcgbar. Wir k\u00f6nnen einige pers\u00f6nliche Angaben aktualisieren, unser NeedForSlots-Anmeldepasswort \u00e4ndern und ausw\u00e4hlen, welche E-Mails oder Benachrichtigungen wir von uns erhalten m\u00f6chten. So k\u00f6nnen wir zum Beispiel Werbe-E-Mails aktiviert lassen, um Neuigkeiten zu neuen Boni zu bekommen, aber andere Nachrichten deaktivieren, die wir nicht brauchen.<\/p>\n<p>Au\u00dferdem haben wir Tools f\u00fcr verantwortungsbewusstes Spielen direkt in unserem Konto integriert. Wir k\u00f6nnen t\u00e4gliche, w\u00f6chentliche oder monatliche Einzahlungslimits festlegen und sie sp\u00e4ter anpassen, falls sich unsere Situation \u00e4ndert. Viele Spieler nutzen diese Limits, um ihr Budget zu kontrollieren und ihre Zeit bei NeedForSlots angenehm und sicher zu gestalten.<\/p>\n<h2>Passwort vergessen?<\/h2>\n<p>Wenn wir das Passwort f\u00fcr unsere NeedForSlots-Anmeldung vergessen, k\u00f6nnen wir es in wenigen Minuten auf unserer Website zur\u00fccksetzen. Wir brauchen daf\u00fcr nur Zugriff auf die E-Mail-Adresse, die wir bei der Registrierung verwendet haben.<\/p>\n<p>Gehe daf\u00fcr zum NeedForSlots-Anmeldeformular und klicke unter dem Passwortfeld auf den Link \u201ePasswort vergessen?\u201c. Auf der n\u00e4chsten Seite gibst du die E-Mail-Adresse ein, die wir f\u00fcr NeedForSlots nutzen, und sendest die Anfrage ab. Danach schicken wir dir eine E-Mail mit einem sicheren Link, \u00fcber den wir ein neues Passwort erstellen k\u00f6nnen.<\/p>\n<h2>Verifizierung im NeedForSlots Casino<\/h2>\n<p>Im NeedForSlots Casino nutzen wir die Verifizierung, um unsere Identit\u00e4t zu best\u00e4tigen und unser Konto zu sch\u00fctzen. Meistens bitten wir um diesen Schritt vor der ersten Auszahlung oder wenn wir ungew\u00f6hnliche Aktivit\u00e4ten feststellen.<\/p>\n<p>Um unser Profil zu verifizieren, melden wir uns an, \u00f6ffnen die Kontoeinstellungen und gehen zum Bereich \u201eVerifizierung\u201c. Lade klare Fotos unseres Ausweises, einen Adressnachweis und manchmal auch ein Dokument zur verwendeten Zahlungsmethode hoch. Nachdem wir die Dokumente freigegeben haben, ist unser NeedForSlots-Konto vollst\u00e4ndig verifiziert, und wir k\u00f6nnen Geld ohne zus\u00e4tzliche Pr\u00fcfungen auszahlen.<\/p>\n<h2>FAQ<\/h2>\n<h3>Wie kann ich unser Konto verifizieren?<\/h3>\n<p>Um unser NeedForSlots-Konto zu verifizieren, melden wir uns an und gehen im Profil zum Bereich \u201eVerifizierung\u201c. Dort k\u00f6nnen wir klare Fotos unseres Ausweises und einen Adressnachweis hochladen und manchmal auch ein Dokument zu unserer Zahlungsmethode.<\/p>\n<h3>K\u00f6nnen wir unser Passwort oder unsere E-Mail-Adresse \u00e4ndern?<\/h3>\n<p>Ja. Wir k\u00f6nnen unser Passwort im Bereich der Kontoeinstellungen \u00e4ndern, nachdem wir uns bei NeedForSlots angemeldet haben. Um unsere E-Mail-Adresse zu \u00e4ndern, m\u00fcssen wir m\u00f6glicherweise unser Support-Team kontaktieren, damit wir unsere Identit\u00e4t best\u00e4tigen und die Kontaktdaten sicher aktualisieren k\u00f6nnen.<\/p>\n<h3>Was sollen wir tun, wenn unser Konto gesperrt ist?<\/h3>\n<p>Wenn unser NeedForSlots-Konto gesperrt ist, sollten wir kein neues Profil erstellen. Kontaktiere unser Support-Team per Live-Chat oder E-Mail. Wir erkl\u00e4ren den Grund, f\u00fchren uns durch alle notwendigen Pr\u00fcfungen und helfen uns, wenn m\u00f6glich, den Zugang zum NeedForSlots Casino wiederherzustellen.<\/p>\n<h3>Wie schlie\u00dfen wir unser Konto oder setzen es vor\u00fcbergehend aus?<\/h3>\n<p>Wenn wir eine Pause von NeedForSlots machen m\u00f6chten, k\u00f6nnen wir eine vor\u00fcbergehende Sperre anfordern oder Tools f\u00fcr verantwortungsbewusstes Spielen nutzen, wie eine Abk\u00fchlphase oder Selbstsperre. Wenn wir unser Konto vollst\u00e4ndig schlie\u00dfen m\u00f6chten, kontaktieren wir unser Support-Team.<\/p>\n<\/div><\/div><\/p>\n","protected":false},"excerpt":{"rendered":"<p>NeedForSlots Casino Anmeldung &amp; Registrierung Mit der NeedForSlots-Anmeldung erhalten wir schnellen und sicheren Zugriff auf alle Funktionen unserer Online-Casino-Plattform. Sobald wir die Anmeldung abgeschlossen haben, k\u00f6nnen wir Hunderte von Spielautomaten und andere Spiele entdecken, Boni beanspruchen und unser Profil an einem Ort verwalten. Bei NeedForSlots Casino gestalten wir den Anmeldeprozess einfach und benutzerfreundlich, damit wir [&hellip;]<\/p>\n","protected":false},"author":9,"featured_media":0,"parent":0,"menu_order":0,"comment_status":"closed","ping_status":"closed","template":"template-builder.php","meta":{"_acf_changed":false,"inline_featured_image":false,"footnotes":""},"class_list":["post-1657","page","type-page","status-publish","hentry"],"acf":[],"yoast_head":"<!-- This site is optimized with the Yoast SEO plugin v24.4 - https:\/\/yoast.com\/wordpress\/plugins\/seo\/ -->\n<title>NeedForSlots Login | Anmelden, Passwort vergessen &amp; Hilfe<\/title>\n<meta name=\"description\" content=\"Zugriff auf Ihr NeedForSlots-Konto: anmelden, vergessenes Passwort zur\u00fccksetzen, Kontostand &amp; Transaktionsverlauf pr\u00fcfen und Einstellungen sicher verwalten.\" \/>\n<meta name=\"robots\" content=\"index, follow, max-snippet:-1, max-image-preview:large, max-video-preview:-1\" \/>\n<link rel=\"canonical\" href=\"https:\/\/need-for-slots.net\/de\/anmeldung-und-registrierung\/\" \/>\n<meta property=\"og:locale\" content=\"de_DE\" \/>\n<meta property=\"og:type\" content=\"article\" \/>\n<meta property=\"og:title\" content=\"NeedForSlots Login | Anmelden, Passwort vergessen &amp; Hilfe\" \/>\n<meta property=\"og:description\" content=\"Zugriff auf Ihr NeedForSlots-Konto: anmelden, vergessenes Passwort zur\u00fccksetzen, Kontostand &amp; Transaktionsverlauf pr\u00fcfen und Einstellungen sicher verwalten.\" \/>\n<meta property=\"og:url\" content=\"https:\/\/need-for-slots.net\/de\/anmeldung-und-registrierung\/\" \/>\n<meta property=\"og:site_name\" content=\"need-for-slots\" \/>\n<meta property=\"article:modified_time\" content=\"2026-01-29T09:48:34+00:00\" \/>\n<meta name=\"twitter:card\" content=\"summary_large_image\" \/>\n<meta name=\"twitter:label1\" content=\"Gesch\u00e4tzte Lesezeit\" \/>\n\t<meta name=\"twitter:data1\" content=\"1\u00a0Minute\" \/>\n<script type=\"application\/ld+json\" class=\"yoast-schema-graph\">{\"@context\":\"https:\/\/schema.org\",\"@graph\":[{\"@type\":\"WebPage\",\"@id\":\"https:\/\/need-for-slots.net\/de\/anmeldung-und-registrierung\/\",\"url\":\"https:\/\/need-for-slots.net\/de\/anmeldung-und-registrierung\/\",\"name\":\"NeedForSlots Login | Anmelden, Passwort vergessen & Hilfe\",\"isPartOf\":{\"@id\":\"https:\/\/need-for-slots.net\/de\/#website\"},\"datePublished\":\"2026-01-29T08:34:00+00:00\",\"dateModified\":\"2026-01-29T09:48:34+00:00\",\"description\":\"Zugriff auf Ihr NeedForSlots-Konto: anmelden, vergessenes Passwort zur\u00fccksetzen, Kontostand & Transaktionsverlauf pr\u00fcfen und Einstellungen sicher verwalten.\",\"breadcrumb\":{\"@id\":\"https:\/\/need-for-slots.net\/de\/anmeldung-und-registrierung\/#breadcrumb\"},\"inLanguage\":\"de\",\"potentialAction\":[{\"@type\":\"ReadAction\",\"target\":[\"https:\/\/need-for-slots.net\/de\/anmeldung-und-registrierung\/\"]}]},{\"@type\":\"BreadcrumbList\",\"@id\":\"https:\/\/need-for-slots.net\/de\/anmeldung-und-registrierung\/#breadcrumb\",\"itemListElement\":[{\"@type\":\"ListItem\",\"position\":1,\"name\":\"Needforslots\",\"item\":\"https:\/\/need-for-slots.net\/de\/\"},{\"@type\":\"ListItem\",\"position\":2,\"name\":\"Anmeldung und Registrierung\"}]},{\"@type\":\"WebSite\",\"@id\":\"https:\/\/need-for-slots.net\/de\/#website\",\"url\":\"https:\/\/need-for-slots.net\/de\/\",\"name\":\"Needforslots\",\"description\":\"\",\"publisher\":{\"@id\":\"https:\/\/need-for-slots.net\/de\/#organization\"},\"potentialAction\":[{\"@type\":\"SearchAction\",\"target\":{\"@type\":\"EntryPoint\",\"urlTemplate\":\"https:\/\/need-for-slots.net\/de\/?s={search_term_string}\"},\"query-input\":{\"@type\":\"PropertyValueSpecification\",\"valueRequired\":true,\"valueName\":\"search_term_string\"}}],\"inLanguage\":\"de\"},{\"@type\":\"Organization\",\"@id\":\"https:\/\/need-for-slots.net\/de\/#organization\",\"name\":\"Needforslots\",\"url\":\"https:\/\/need-for-slots.net\/de\/\",\"logo\":{\"@type\":\"ImageObject\",\"inLanguage\":\"de\",\"@id\":\"https:\/\/need-for-slots.net\/de\/#\/schema\/logo\/image\/\",\"url\":\"https:\/\/need-for-slots.net\/wp-content\/uploads\/2026\/01\/Needforslots-logo-Desktop.png\",\"contentUrl\":\"https:\/\/need-for-slots.net\/wp-content\/uploads\/2026\/01\/Needforslots-logo-Desktop.png\",\"width\":85,\"height\":24,\"caption\":\"Needforslots\"},\"image\":{\"@id\":\"https:\/\/need-for-slots.net\/de\/#\/schema\/logo\/image\/\"}}]}<\/script>\n<!-- \/ Yoast SEO plugin. -->","yoast_head_json":{"title":"NeedForSlots Login | Anmelden, Passwort vergessen & Hilfe","description":"Zugriff auf Ihr NeedForSlots-Konto: anmelden, vergessenes Passwort zur\u00fccksetzen, Kontostand & Transaktionsverlauf pr\u00fcfen und Einstellungen sicher verwalten.","robots":{"index":"index","follow":"follow","max-snippet":"max-snippet:-1","max-image-preview":"max-image-preview:large","max-video-preview":"max-video-preview:-1"},"canonical":"https:\/\/need-for-slots.net\/de\/anmeldung-und-registrierung\/","og_locale":"de_DE","og_type":"article","og_title":"NeedForSlots Login | Anmelden, Passwort vergessen & Hilfe","og_description":"Zugriff auf Ihr NeedForSlots-Konto: anmelden, vergessenes Passwort zur\u00fccksetzen, Kontostand & Transaktionsverlauf pr\u00fcfen und Einstellungen sicher verwalten.","og_url":"https:\/\/need-for-slots.net\/de\/anmeldung-und-registrierung\/","og_site_name":"need-for-slots","article_modified_time":"2026-01-29T09:48:34+00:00","twitter_card":"summary_large_image","twitter_misc":{"Gesch\u00e4tzte Lesezeit":"1\u00a0Minute"},"schema":{"@context":"https:\/\/schema.org","@graph":[{"@type":"WebPage","@id":"https:\/\/need-for-slots.net\/de\/anmeldung-und-registrierung\/","url":"https:\/\/need-for-slots.net\/de\/anmeldung-und-registrierung\/","name":"NeedForSlots Login | Anmelden, Passwort vergessen & Hilfe","isPartOf":{"@id":"https:\/\/need-for-slots.net\/de\/#website"},"datePublished":"2026-01-29T08:34:00+00:00","dateModified":"2026-01-29T09:48:34+00:00","description":"Zugriff auf Ihr NeedForSlots-Konto: anmelden, vergessenes Passwort zur\u00fccksetzen, Kontostand & Transaktionsverlauf pr\u00fcfen und Einstellungen sicher verwalten.","breadcrumb":{"@id":"https:\/\/need-for-slots.net\/de\/anmeldung-und-registrierung\/#breadcrumb"},"inLanguage":"de","potentialAction":[{"@type":"ReadAction","target":["https:\/\/need-for-slots.net\/de\/anmeldung-und-registrierung\/"]}]},{"@type":"BreadcrumbList","@id":"https:\/\/need-for-slots.net\/de\/anmeldung-und-registrierung\/#breadcrumb","itemListElement":[{"@type":"ListItem","position":1,"name":"Needforslots","item":"https:\/\/need-for-slots.net\/de\/"},{"@type":"ListItem","position":2,"name":"Anmeldung und Registrierung"}]},{"@type":"WebSite","@id":"https:\/\/need-for-slots.net\/de\/#website","url":"https:\/\/need-for-slots.net\/de\/","name":"Needforslots","description":"","publisher":{"@id":"https:\/\/need-for-slots.net\/de\/#organization"},"potentialAction":[{"@type":"SearchAction","target":{"@type":"EntryPoint","urlTemplate":"https:\/\/need-for-slots.net\/de\/?s={search_term_string}"},"query-input":{"@type":"PropertyValueSpecification","valueRequired":true,"valueName":"search_term_string"}}],"inLanguage":"de"},{"@type":"Organization","@id":"https:\/\/need-for-slots.net\/de\/#organization","name":"Needforslots","url":"https:\/\/need-for-slots.net\/de\/","logo":{"@type":"ImageObject","inLanguage":"de","@id":"https:\/\/need-for-slots.net\/de\/#\/schema\/logo\/image\/","url":"https:\/\/need-for-slots.net\/wp-content\/uploads\/2026\/01\/Needforslots-logo-Desktop.png","contentUrl":"https:\/\/need-for-slots.net\/wp-content\/uploads\/2026\/01\/Needforslots-logo-Desktop.png","width":85,"height":24,"caption":"Needforslots"},"image":{"@id":"https:\/\/need-for-slots.net\/de\/#\/schema\/logo\/image\/"}}]}},"_links":{"self":[{"href":"https:\/\/need-for-slots.net\/de\/wp-json\/wp\/v2\/pages\/1657"}],"collection":[{"href":"https:\/\/need-for-slots.net\/de\/wp-json\/wp\/v2\/pages"}],"about":[{"href":"https:\/\/need-for-slots.net\/de\/wp-json\/wp\/v2\/types\/page"}],"author":[{"embeddable":true,"href":"https:\/\/need-for-slots.net\/de\/wp-json\/wp\/v2\/users\/9"}],"replies":[{"embeddable":true,"href":"https:\/\/need-for-slots.net\/de\/wp-json\/wp\/v2\/comments?post=1657"}],"version-history":[{"count":2,"href":"https:\/\/need-for-slots.net\/de\/wp-json\/wp\/v2\/pages\/1657\/revisions"}],"predecessor-version":[{"id":1699,"href":"https:\/\/need-for-slots.net\/de\/wp-json\/wp\/v2\/pages\/1657\/revisions\/1699"}],"wp:attachment":[{"href":"https:\/\/need-for-slots.net\/de\/wp-json\/wp\/v2\/media?parent=1657"}],"curies":[{"name":"wp","href":"https:\/\/api.w.org\/{rel}","templated":true}]}}